{"id":143,"date":"2016-08-17T03:48:14","date_gmt":"2016-08-17T03:48:14","guid":{"rendered":"http:\/\/sw-themes.com\/porto_dummy\/?page_id=143"},"modified":"2024-11-12T22:29:47","modified_gmt":"2024-11-12T22:29:47","slug":"home","status":"publish","type":"page","link":"https:\/\/polatmanti.com\/","title":{"rendered":"Anasayfa"},"content":{"rendered":"<div class=\"wpb-content-wrapper\"><p>[vc_section parallax=&#8221;content-moving&#8221; parallax_image=&#8221;501&#8243; bottom_divider_type=&#8221;custom&#8221; bottom_divider_custom=&#8221;JTNDc3ZnJTIwdmVyc2lvbiUzRCUyMjEuMSUyMiUyMHhtbG5zJTNEJTIyaHR0cCUzQSUyRiUyRnd3dy53My5vcmclMkYyMDAwJTJGc3ZnJTIyJTIweG1sbnMlM0F4bGluayUzRCUyMmh0dHAlM0ElMkYlMkZ3d3cudzMub3JnJTJGMTk5OSUyRnhsaW5rJTIyJTIweCUzRCUyMjBweCUyMiUyMHklM0QlMjIwcHglMjIlMjB2aWV3Qm94JTNEJTIyMCUyMDAlMjAxOTIwJTIwMTE2JTIyJTIwcHJlc2VydmVBc3BlY3RSYXRpbyUzRCUyMm5vbmUlMjIlM0UlMEElMDklMDklMDklMDklMDklMDklMDklM0NwYXRoJTIwZmlsbCUzRCUyMiUyM0ZGRiUyMiUyMGQlM0QlMjJNNDUzJTJDOTJjMTEuNy00Ljg3JTJDMjguNDYtMTEuNDMlMkM0OS0xOGM0Mi4yOS0xMy41MiUyQzc2LjM2LTE5LjMzJTJDMTE1LTI1YzUxLjU4LTcuNTclMkMxMDAuMjgtMTQuNzIlMkMxNzEtMjAlMEElMDklMDklMDklMDklMDklMDklMDklMDljMjQuODctMS44NiUyQzgyLjg4LTUuNzYlMkMxNTgtNmM2OS45OS0wLjIzJTJDMTIyLjU0JTJDMi44MiUyQzE1OSUyQzVjNTEuMTglMkMzLjA2JTJDOTUuMTclMkM1LjY5JTJDMTU1JTJDMTRjNzEuNSUyQzkuOTQlMkMxMTUuNDIlMkMyMS4wMiUyQzEyNyUyQzI0JTBBJTA5JTA5JTA5JTA5JTA5JTA5JTA5JTA5YzMzLjclMkM4LjY4JTJDNjEuNjIlMkMxNy43OSUyQzgyJTJDMjVDMTEzMC4zMyUyQzkxLjMzJTJDNzkxLjY3JTJDOTEuNjclMkM0NTMlMkM5MnolMjIlM0UlM0MlMkZwYXRoJTNFJTBBJTA5JTA5JTA5JTA5JTA5JTA5JTA5JTNDcmVjdCUyMHklM0QlMjI5MCUyMiUyMGZpbGwlM0QlMjIlMjNGRkYlMjIlMjB3aWR0aCUzRCUyMjE5MjAlMjIlMjBoZWlnaHQlM0QlMjIyNiUyMiUzRSUzQyUyRnJlY3QlM0UlMEElMDklMDklMDklMDklMDklMDklM0MlMkZzdmclM0U=&#8221; bottom_divider_height=&#8221;116px&#8221; el_class=&#8221;overlay overlay-show mb-0&#8243; css=&#8221;.vc_custom_1730411585714{padding-top: 9.2307692308rem !important;padding-bottom: 9.2307692308rem !important;}&#8221; conditional_render=&#8221;%5B%7B%22value_role%22%3A%22administrator%22%7D%5D&#8221; css_params=&#8221;&#8221;][vc_row wrap_container=&#8221;yes&#8221; content_placement=&#8221;middle&#8221; el_class=&#8221;py-5 mb-5 text-center z-index-9&#8243;][vc_column][vc_custom_heading text=&#8221;HO\u015eGELD\u0130N\u0130Z&#8221; font_container=&#8221;tag:h4|text_align:left&#8221; use_theme_fonts=&#8221;yes&#8221; font_weight=&#8221;500&#8243; skin=&#8221;primary&#8221; letter_spacing=&#8221;2px&#8221; show_border=&#8221;yes&#8221; border_skin=&#8221;primary&#8221; border_type=&#8221;middle-border-center&#8221; animation_delay=&#8221;300&#8243; el_class=&#8221;text-center d-inline-block mw-307 mb-0&#8243; animation_type=&#8221;fadeInUp&#8221; css_params=&#8221;&#8221;][vc_custom_heading text=&#8221;Polat Mant\u0131&#8221; font_container=&#8221;tag:h2|text_align:left|color:%23ffffff|line_height:1&#8243; use_theme_fonts=&#8221;yes&#8221; animation_delay=&#8221;700&#8243; el_class=&#8221;text-center mb-2 custom-sz-responsive-1&#8243; animation_type=&#8221;fadeInUp&#8221; css_params=&#8221;&#8221;][vc_custom_heading text=&#8221;Lezzetin Ustas\u0131&#8221; font_container=&#8221;tag:p|font_size:16.8px|text_align:left|color:rgba(255%2C255%2C255%2C0.8)&#8221; use_theme_fonts=&#8221;yes&#8221; enable_typewriter=&#8221;yes&#8221; typewriter_delay=&#8221;1100&#8243; el_class=&#8221;text-center pb-3 mb-4 minWindowWidth&#8221; css_params=&#8221;&#8221;][vc_btn title=&#8221;\u00dcR\u00dcNLER\u0130M\u0130Z&#8221; shape=&#8221;rounded&#8221; skin=&#8221;light&#8221; btn_fs=&#8221;13.3px&#8221; btn_fw=&#8221;500&#8243; btn_ls=&#8221;2px&#8221; el_cls=&#8221;btn-borders&#8221; animation_delay=&#8221;2200&#8243; link=&#8221;url:https%3A%2F%2Fpolatmanti.com%2Fmenu%2F&#8221; btn_px=&#8221;3rem&#8221; btn_py=&#8221;1.25rem&#8221; el_class=&#8221;text-center mb-3 p-b-sm&#8221; animation_type=&#8221;fadeIn&#8221; css_params=&#8221;&#8221;][vc_btn title=&#8221;&#8221; i_icon_fontawesome=&#8221;fas fa-angle-down&#8221; btn_fs=&#8221;23.1px&#8221; el_cls=&#8221;border-0&#8243; add_icon=&#8221;true&#8221; custom_onclick=&#8221;true&#8221; link=&#8221;url:%23aboutus&#8221; custom_onclick_code=&#8221;window.theme.scrolltoContainer(jQuery(&#8220;#aboutus&#8220;));return false;&#8221; el_class=&#8221;custom-hash-pos position-absolute&#8221;][\/vc_column][\/vc_row][\/vc_section][vc_row wrap_container=&#8221;yes&#8221; gap=&#8221;20&#8243; content_placement=&#8221;middle&#8221; el_id=&#8221;aboutus&#8221; el_class=&#8221;py-5 mt-3 mb-5&#8243;][vc_column width=&#8221;1\/3&#8243; offset=&#8221;vc_col-md-3 vc_col-xs-6&#8243; el_class=&#8221;align-self-start py-0&#8243;][vc_single_image image=&#8221;208&#8243; img_size=&#8221;full&#8221; el_class=&#8221;box-shadow-4 mb-0 custom-img-100&#8243;][\/vc_column][vc_column width=&#8221;1\/3&#8243; offset=&#8221;vc_col-md-3 vc_col-xs-6&#8243; el_class=&#8221;align-self-start mb-5 mb-lg-0 py-0&#8243;][vc_single_image image=&#8221;210&#8243; img_size=&#8221;full&#8221; el_class=&#8221;box-shadow-4 rounded-0 mb-3 mb-sm-4 custom-img-100&#8243;][vc_single_image image=&#8221;211&#8243; img_size=&#8221;full&#8221; el_class=&#8221;box-shadow-4 mb-0 custom-img-100&#8243;][\/vc_column][vc_column el_class=&#8221;ps-xl-5 ps-lg-3 py-0&#8243; offset=&#8221;vc_col-md-6&#8243;][vc_custom_heading text=&#8221;HAKKIMIZDA&#8221; font_container=&#8221;tag:h4|font_size:16.8px|text_align:left|line_height:21px&#8221; use_theme_fonts=&#8221;yes&#8221; skin=&#8221;primary&#8221; letter_spacing=&#8221;2.5px&#8221; animation_delay=&#8221;300&#8243; animation_type=&#8221;fadeInUp&#8221; el_class=&#8221;mb-2&#8243; css_params=&#8221;&#8221;]<div class=\"porto-u-heading mb-4  wpb_custom_fca020d24b2ae9a9daebde8198286387 porto-u-2700 \" data-appear-animation=\"fadeInUp\" data-appear-animation-delay=\"500\"><div class=\"porto-u-sub-heading\" style=\"color: #212529;\">Lezzetin Ustas\u0131, 50 Y\u0131ll\u0131k Gelenek<\/div><style>.porto-u-2700.porto-u-heading{text-align:left}<\/style><\/div>[vc_custom_heading text=&#8221;1970 y\u0131l\u0131nda Mehmet Ali Polat taraf\u0131ndan Ankara\u2019da k\u00fc\u00e7\u00fck bir yufka imalathanesi olarak kurulan Polat Mant\u0131, bug\u00fcn donuk g\u0131da sekt\u00f6r\u00fcn\u00fcn \u00f6nc\u00fc markalar\u0131ndan biri haline gelmi\u015ftir. Aileden gelen el eme\u011fi ve kaliteye dayal\u0131 \u00fcretim k\u00fclt\u00fcr\u00fcyle b\u00fcy\u00fcyen firma, o y\u0131llarda Ankara&#8217;n\u0131n yerel lezzetlerine olan ba\u011fl\u0131l\u0131\u011f\u0131yla bilinirken, k\u0131sa s\u00fcrede T\u00fcrkiye genelinde bilinen ve g\u00fcvenilen bir marka olmay\u0131 ba\u015farm\u0131\u015ft\u0131r.&#8221; font_container=&#8221;tag:p|font_size:15.4px|text_align:left&#8221; use_theme_fonts=&#8221;yes&#8221; animation_delay=&#8221;700&#8243; el_class=&#8221;pb-2 mb-4&#8243; animation_type=&#8221;fadeInUp&#8221; css_params=&#8221;&#8221;][vc_btn title=&#8221;Hakk\u0131m\u0131zda&#8221; shape=&#8221;rounded&#8221; skin=&#8221;dark&#8221; btn_fs=&#8221;14px&#8221; btn_fw=&#8221;500&#8243; animation_delay=&#8221;900&#8243; link=&#8221;url:https%3A%2F%2Fpolatmanti.com%2Findex.php%2Fhakkimizda%2F|title:Hakk%C4%B1m%C4%B1zda&#8221; btn_px=&#8221;28px&#8221; btn_py=&#8221;16px&#8221; animation_type=&#8221;fadeInUp&#8221; el_class=&#8221;mb-0&#8243; css_params=&#8221;&#8221;][\/vc_column][\/vc_row][vc_row wrap_container=&#8221;yes&#8221; content_placement=&#8221;middle&#8221; el_class=&#8221;py-5 my-3 faq-wrapper&#8221; conditional_render=&#8221;%5B%7B%22value_role%22%3A%22administrator%22%7D%5D&#8221; css_params=&#8221;&#8221;][vc_column][vc_raw_html el_class=&#8221;mb-0&#8243;]JTNDZGl2JTIwY2xhc3MlM0QlMjJkLWZsZXglMjBqdXN0aWZ5LWNvbnRlbnQtY2VudGVyJTIwcGItMiUyMG1iLTQlMjBjdXN0b20tcmF0aW5nJTIyJTNFJTBBJTIwJTIwJTIwJTIwJTNDaSUyMGNsYXNzJTNEJTIyZmFzJTIwZmEtc3RhciUyMiUzRSUzQyUyRmklM0UlMEElMjAlMjAlMjAlMjAlM0NpJTIwY2xhc3MlM0QlMjJmYXMlMjBmYS1zdGFyJTIwcHgtMiUyMiUzRSUzQyUyRmklM0UlMEElMjAlMjAlMjAlMjAlM0NpJTIwY2xhc3MlM0QlMjJmYXMlMjBmYS1zdGFyJTIyJTNFJTNDJTJGaSUzRSUwQSUyMCUyMCUyMCUyMCUzQ2klMjBjbGFzcyUzRCUyMmZhcyUyMGZhLXN0YXIlMjBweC0yJTIyJTNFJTNDJTJGaSUzRSUwQSUyMCUyMCUyMCUyMCUzQ2klMjBjbGFzcyUzRCUyMmZhcyUyMGZhLXN0YXIlMjIlM0UlM0MlMkZpJTNFJTBBJTNDJTJGZGl2JTNF[\/vc_raw_html][\/vc_column][vc_column offset=&#8221;vc_col-md-6&#8243; el_class=&#8221;mb-5 mb-lg-0&#8243;]<div class=\"porto-ultimate-content-box-container bg-primary p-5\"><style>#porto_ucb_3281{will-change: box-shadow;box-shadow: none;}#porto_ucb_3281:hover{box-shadow:none}<\/style><div class=\"porto-ultimate-content-box\" style=\"\" id=\"porto_ucb_3281\">[vc_custom_heading text=&#8221;\u00dcr\u00fcnlerimiz&#8221; font_container=&#8221;tag:h2|font_size:2.5em|text_align:left|color:%23ffffff|line_height:42px&#8221; use_theme_fonts=&#8221;yes&#8221; text_transform=&#8221;text-capitalize&#8221; font_weight=&#8221;700&#8243; skin=&#8221;light&#8221; letter_spacing=&#8221;-0.05em&#8221; el_class=&#8221;pb-2 mb-4 font-style-normal&#8221; css_params=&#8221;&#8221;]<div class=\"porto-faqs porto-faqs85qq wpb_content_element  mb-4\">\r\n\t<div class=\"page-faqs clearfix wpb_custom_7fe7ddf8f1a240d6488c8a8c41279112\" id=\"porto_faqs_kz43\">\r\n\r\n\t\t\r\n\t\t\r\n\t\t<div class=\"faq-row faqs-container\">\r\n\t\t\t\r\n<div class=\"faq post-585 type-faq status-publish hentry\">\r\n\t<section class=\"toggle\">\r\n\t\t<label>Donuk Mant\u0131 \u00c7e\u015fitleri:<\/label>\r\n\t\t<div class=\"toggle-content\">\r\n\t\t<h3 class=\"entry-title\" style=\"display: none;\">Donuk Mant\u0131 \u00c7e\u015fitleri:<\/h3><span class=\"vcard\" style=\"display: none;\"><span class=\"fn\"><a href=\"https:\/\/polatmanti.com\/index.php\/author\/abaltaci_w8ql2cv7\/\" title=\"admin taraf\u0131ndan yaz\u0131lan yaz\u0131lar\" rel=\"author\">admin<\/a><\/span><\/span><span class=\"updated\" style=\"display:none\">2024-11-12T22:14:36+00:00<\/span>Polat Mant\u0131\u2019n\u0131n donuk mant\u0131 \u00e7e\u015fitleri, b\u00fcy\u00fck bir \u00f6zenle haz\u0131rlanan hamur ve i\u00e7 harc\u0131yla ev yap\u0131m\u0131 mant\u0131 lezzetini sofralar\u0131n\u0131za getirir. Tazeli\u011fini uzun s\u00fcre koruyan donuk mant\u0131lar, pi\u015firildi\u011finde ayn\u0131 ilk g\u00fcnk\u00fc gibi lezzetli ve k\u0131vam\u0131nda olur.\t\t<\/div>\r\n\t<\/section>\r\n<\/div>\r\n\r\n<div class=\"faq post-591 type-faq status-publish hentry\">\r\n\t<section class=\"toggle\">\r\n\t\t<label>Tarhana \u00c7e\u015fitleri<\/label>\r\n\t\t<div class=\"toggle-content\">\r\n\t\t<h3 class=\"entry-title\" style=\"display: none;\">Tarhana \u00c7e\u015fitleri<\/h3><span class=\"vcard\" style=\"display: none;\"><span class=\"fn\"><a href=\"https:\/\/polatmanti.com\/index.php\/author\/abaltaci_w8ql2cv7\/\" title=\"admin taraf\u0131ndan yaz\u0131lan yaz\u0131lar\" rel=\"author\">admin<\/a><\/span><\/span><span class=\"updated\" style=\"display:none\">2024-11-12T22:14:12+00:00<\/span>Do\u011fal malzemelerle \u00fcretilen tarhanalar\u0131m\u0131z, geleneksel T\u00fcrk \u00e7orbas\u0131n\u0131n sa\u011fl\u0131kl\u0131 ve lezzetli haliyle sofralar\u0131n\u0131za gelir. Her ka\u015f\u0131kta do\u011fall\u0131\u011f\u0131 ve gelenekselli\u011fi hissedeceksiniz.\t\t<\/div>\r\n\t<\/section>\r\n<\/div>\r\n\r\n<div class=\"faq post-590 type-faq status-publish hentry\">\r\n\t<section class=\"toggle\">\r\n\t\t<label>Donuk Katmer ve K\u00fcnefe \u00c7e\u015fitleri<\/label>\r\n\t\t<div class=\"toggle-content\">\r\n\t\t<h3 class=\"entry-title\" style=\"display: none;\">Donuk Katmer ve K\u00fcnefe \u00c7e\u015fitleri<\/h3><span class=\"vcard\" style=\"display: none;\"><span class=\"fn\"><a href=\"https:\/\/polatmanti.com\/index.php\/author\/abaltaci_w8ql2cv7\/\" title=\"admin taraf\u0131ndan yaz\u0131lan yaz\u0131lar\" rel=\"author\">admin<\/a><\/span><\/span><span class=\"updated\" style=\"display:none\">2024-11-12T22:13:57+00:00<\/span>Polat\u00a0Mant\u0131'n\u0131n donuk katmer ve k\u00fcnefeleri, her lokmada tatl\u0131 ihtiyac\u0131n\u0131z\u0131 kar\u015f\u0131layacak \u015fekilde haz\u0131rlanm\u0131\u015ft\u0131r. \u0130deal pi\u015firme ko\u015fullar\u0131nda servis edildi\u011finde tatl\u0131 severlere e\u015fsiz bir lezzet deneyimi sunar.\t\t<\/div>\r\n\t<\/section>\r\n<\/div>\r\n\r\n<div class=\"faq post-589 type-faq status-publish hentry\">\r\n\t<section class=\"toggle\">\r\n\t\t<label>\u00c7i\u011f Kaday\u0131f \u00c7e\u015fitleri<\/label>\r\n\t\t<div class=\"toggle-content\">\r\n\t\t<h3 class=\"entry-title\" style=\"display: none;\">\u00c7i\u011f Kaday\u0131f \u00c7e\u015fitleri<\/h3><span class=\"vcard\" style=\"display: none;\"><span class=\"fn\"><a href=\"https:\/\/polatmanti.com\/index.php\/author\/abaltaci_w8ql2cv7\/\" title=\"admin taraf\u0131ndan yaz\u0131lan yaz\u0131lar\" rel=\"author\">admin<\/a><\/span><\/span><span class=\"updated\" style=\"display:none\">2024-11-12T22:13:28+00:00<\/span>Tatl\u0131 severler i\u00e7in \u00f6zel olarak \u00fcretilen \u00e7i\u011f kaday\u0131flar\u0131m\u0131z, \u00e7\u0131t\u0131rl\u0131\u011f\u0131n\u0131 ve tazeli\u011fini koruyarak, lezzetli kaday\u0131f tatl\u0131lar\u0131n\u0131n yap\u0131m\u0131nda en b\u00fcy\u00fck yard\u0131mc\u0131n\u0131z olacak.\t\t<\/div>\r\n\t<\/section>\r\n<\/div>\r\n\r\n<div class=\"faq post-587 type-faq status-publish hentry\">\r\n\t<section class=\"toggle\">\r\n\t\t<label>Eri\u015fte \u00c7e\u015fitleri<\/label>\r\n\t\t<div class=\"toggle-content\">\r\n\t\t<h3 class=\"entry-title\" style=\"display: none;\">Eri\u015fte \u00c7e\u015fitleri<\/h3><span class=\"vcard\" style=\"display: none;\"><span class=\"fn\"><a href=\"https:\/\/polatmanti.com\/index.php\/author\/abaltaci_w8ql2cv7\/\" title=\"admin taraf\u0131ndan yaz\u0131lan yaz\u0131lar\" rel=\"author\">admin<\/a><\/span><\/span><span class=\"updated\" style=\"display:none\">2024-11-12T22:13:14+00:00<\/span>Geleneksel y\u00f6ntemlerle \u00fcretilen eri\u015ftelerimiz, do\u011fall\u0131\u011f\u0131 ve besleyici \u00f6zellikleri ile sofralar\u0131n vazge\u00e7ilmezidir. Hem s\u0131cak yemeklerde hem de salatalarda kullan\u0131labilecek farkl\u0131 eri\u015fte \u00e7e\u015fitlerimiz, damak tad\u0131n\u0131za uygun \u00e7\u00f6z\u00fcmler sunar.\t\t<\/div>\r\n\t<\/section>\r\n<\/div>\r\n\t\t<\/div>\r\n\r\n\t\t\r\n\t<\/div>\r\n\r\n\t\r\n\t<\/div>[vc_btn title=&#8221;&#8221; style=&#8221;modern&#8221; i_icon_fontawesome=&#8221;fas fa-chevron-down&#8221; css=&#8221;.vc_custom_1608522478263{padding-top: 30px !important;}&#8221; skin=&#8221;light&#8221; add_icon=&#8221;true&#8221; el_class=&#8221;btn-faq-more mb-0&#8243;][vc_btn title=&#8221;\u0130LET\u0130\u015e\u0130M&#8221; btn_fs=&#8221;0.8rem&#8221; btn_fw=&#8221;700&#8243; el_cls=&#8221;btn-contact&#8221; link=&#8221;url:https%3A%2F%2Fpolatmanti.com%2Findex.php%2Filetisim%2F|title:%C4%B0leti%C5%9Fim&#8221; btn_px=&#8221;2.4rem&#8221; btn_py=&#8221;1.25rem&#8221; el_class=&#8221;mb-0&#8243; css_params=&#8221;&#8221;]<\/div><\/div>[\/vc_column][vc_column offset=&#8221;vc_col-lg-offset-1 vc_col-lg-5 vc_col-md-6&#8243;][vc_custom_heading text=&#8221;Sipari\u015f Formu&#8221; font_container=&#8221;tag:h4|font_size:35px|text_align:left|line_height:45.5px&#8221; use_theme_fonts=&#8221;yes&#8221; animation_delay=&#8221;400&#8243; el_class=&#8221;pb-2 mb-4 align-lg-right&#8221; animation_type=&#8221;fadeInUp&#8221; css_params=&#8221;&#8221;][vc_column_text css=&#8221;&#8221; css_params=&#8221;&#8221; el_class=&#8221;pb-2 mb-4 align-lg-right&#8221;]\u00dcr\u00fcnlerimizden h\u0131zl\u0131ca sipari\u015f verebilir veya bizimle ileti\u015fime ge\u00e7ebilirsiniz.[\/vc_column_text]<div class=\"porto-ultimate-content-box-container mb-0 align-lg-right\" data-appear-animation=\"fadeInUp\" data-appear-animation-delay=\"800\"><style>#porto_ucb_5335{will-change: box-shadow;box-shadow: none;}#porto_ucb_5335:hover{box-shadow:none}<\/style><div class=\"porto-ultimate-content-box\" style=\"\" id=\"porto_ucb_5335\">\n<div class=\"wpcf7 no-js\" id=\"wpcf7-f597-o1\" lang=\"en-US\" dir=\"ltr\">\n<div class=\"screen-reader-response\"><p role=\"status\" aria-live=\"polite\" aria-atomic=\"true\"><\/p> <ul><\/ul><\/div>\n<form action=\"\/index.php\/wp-json\/wp\/v2\/pages\/143#wpcf7-f597-o1\" method=\"post\" class=\"wpcf7-form init\" aria-label=\"Contact form\" novalidate=\"novalidate\" data-status=\"init\">\n<div style=\"display: none;\">\n<input type=\"hidden\" name=\"_wpcf7\" value=\"597\" \/>\n<input type=\"hidden\" name=\"_wpcf7_version\" value=\"5.9.8\" \/>\n<input type=\"hidden\" name=\"_wpcf7_locale\" value=\"en_US\" \/>\n<input type=\"hidden\" name=\"_wpcf7_unit_tag\" value=\"wpcf7-f597-o1\" \/>\n<input type=\"hidden\" name=\"_wpcf7_container_post\" value=\"0\" \/>\n<input type=\"hidden\" name=\"_wpcf7_posted_data_hash\" value=\"\" \/>\n<\/div>\n<div class=\"row form-row\">\n    <div class=\"form-group col-md-6\">\n        <span class=\"wpcf7-form-control-wrap\" data-name=\"text-888\"><input size=\"40\" maxlength=\"400\" class=\"wpcf7-form-control wpcf7-text wpcf7-validates-as-required name form-control\" id=\"name\" aria-required=\"true\" aria-invalid=\"false\" placeholder=\"Ad\u0131n\u0131z Soyad\u0131n\u0131z\" value=\"\" type=\"text\" name=\"text-888\" \/><\/span>\n    <\/div>\n    <div class=\"form-group col-md-6\">\n        <span class=\"wpcf7-form-control-wrap\" data-name=\"tel-641\"><input size=\"40\" maxlength=\"400\" class=\"wpcf7-form-control wpcf7-tel wpcf7-validates-as-required wpcf7-text wpcf7-validates-as-tel phone form-control\" id=\"phone\" aria-required=\"true\" aria-invalid=\"false\" placeholder=\"Telefon Numaran\u0131z\" value=\"\" type=\"tel\" name=\"tel-641\" \/><\/span>\n    <\/div>\n<\/div>\n<div class=\"row form-row\">\n    <div class=\"form-group col-md-6\">Adresiniz\n        <span class=\"wpcf7-form-control-wrap\" data-name=\"email-955\"><input size=\"40\" maxlength=\"400\" class=\"wpcf7-form-control wpcf7-email wpcf7-validates-as-required wpcf7-text wpcf7-validates-as-email email form-control\" id=\"email\" aria-required=\"true\" aria-invalid=\"false\" placeholder=\"Adres\" value=\"\" type=\"email\" name=\"email-955\" \/><\/span>\n    <\/div>\n    <div class=\"form-group col-md-6\">\u00dcr\u00fcn Se\u00e7iniz\n        <span class=\"wpcf7-form-control-wrap\" data-name=\"urun-cesidi\"><select class=\"wpcf7-form-control wpcf7-select subject form-control\" id=\"urun\" aria-invalid=\"false\" name=\"urun-cesidi\"><option value=\"Mant\u0131\">Mant\u0131<\/option><option value=\"Eri\u015fte\">Eri\u015fte<\/option><option value=\"\u00c7i\u011f Kaday\u0131f\">\u00c7i\u011f Kaday\u0131f<\/option><option value=\"Katmer\">Katmer<\/option><option value=\"K\u00fcnefe\">K\u00fcnefe<\/option><option value=\"Tarhana\">Tarhana<\/option><\/select><\/span>\n    <\/div>\n<\/div>\n<div class=\"row form-row\">\n    <div class=\"form-group col-12\">\n        <span class=\"wpcf7-form-control-wrap\" data-name=\"textarea-597\"><textarea cols=\"40\" rows=\"10\" maxlength=\"2000\" class=\"wpcf7-form-control wpcf7-textarea wpcf7-validates-as-required message form-control\" id=\"message\" aria-required=\"true\" aria-invalid=\"false\" placeholder=\"Sipari\u015finiz ile ilgili notlar\u0131n\u0131z\" name=\"textarea-597\"><\/textarea><\/span>\n    <\/div>\n<\/div>\n<div class=\"row form-row\">\n    <div class=\"form-group col-12 btn-primary-outline\">\n        <input class=\"wpcf7-form-control wpcf7-submit has-spinner btn btn-submit\" type=\"submit\" value=\"Sipari\u015f Ver\" \/>\n    <\/div>\n<\/div><div class=\"wpcf7-response-output\" aria-hidden=\"true\"><\/div>\n<\/form>\n<\/div>\n<\/div><\/div>[\/vc_column][\/vc_row][vc_row wrap_container=&#8221;yes&#8221; css=&#8221;.vc_custom_1620201301162{padding-top: 4.6153846154rem !important;padding-bottom: 4.6153846154rem !important;background-color: #ededed !important;}&#8221;][vc_column][vc_custom_heading text=&#8221;\u00dcr\u00fcnlerimiz&#8221; font_container=&#8221;tag:h4|font_size:35px|text_align:left|line_height:45.5px&#8221; use_theme_fonts=&#8221;yes&#8221; animation_delay=&#8221;400&#8243; el_class=&#8221;text-center mb-4&#8243; animation_type=&#8221;fadeInUp&#8221; css_params=&#8221;&#8221;][\/vc_column][vc_column el_class=&#8221;carousel-half-full-width-wrapper carousel-half-full-width-right&#8221;]<div class=\"porto-carousel owl-carousel has-ccols has-ccols-spacing ccols-xl-4 ccols-lg-4 ccols-md-3 ccols-sm-2 ccols-1 carousel-shadow-1 custom-nav-left mb-0 wpb_custom_324659f3639fc50e0d07e21da55ccd7b nav-bottom nav-style-2\" data-plugin-options=\"{&quot;themeConfig&quot;:true,&quot;stagePadding&quot;:0,&quot;margin&quot;:20,&quot;autoplay&quot;:false,&quot;mouseDrag&quot;:true,&quot;touchDrag&quot;:true,&quot;autoplayTimeout&quot;:5000,&quot;autoplayHoverPause&quot;:false,&quot;items&quot;:4,&quot;xl&quot;:4,&quot;lg&quot;:4,&quot;md&quot;:3,&quot;sm&quot;:2,&quot;xs&quot;:1,&quot;nav&quot;:&quot;yes&quot;,&quot;dots&quot;:false,&quot;animateIn&quot;:&quot;&quot;,&quot;animateOut&quot;:&quot;&quot;,&quot;loop&quot;:false,&quot;center&quot;:false,&quot;video&quot;:false,&quot;lazyLoad&quot;:false,&quot;fullscreen&quot;:false}\">[vc_single_image image=&#8221;548&#8243; img_size=&#8221;full&#8221; onclick=&#8221;img_link_large&#8221; css=&#8221;&#8221; lightbox=&#8221;yes&#8221; zoom_icon=&#8221;yes&#8221; hover_effect=&#8221;yes&#8221; el_class=&#8221;custom-img-100&#8243; css_params=&#8221;&#8221;][vc_single_image image=&#8221;552&#8243; img_size=&#8221;full&#8221; onclick=&#8221;img_link_large&#8221; css=&#8221;&#8221; lightbox=&#8221;yes&#8221; zoom_icon=&#8221;yes&#8221; hover_effect=&#8221;yes&#8221; el_class=&#8221;custom-img-100&#8243; css_params=&#8221;&#8221;][vc_single_image image=&#8221;550&#8243; img_size=&#8221;full&#8221; onclick=&#8221;img_link_large&#8221; css=&#8221;&#8221; lightbox=&#8221;yes&#8221; zoom_icon=&#8221;yes&#8221; hover_effect=&#8221;yes&#8221; el_class=&#8221;custom-img-100&#8243; css_params=&#8221;&#8221;][vc_single_image image=&#8221;554&#8243; img_size=&#8221;full&#8221; onclick=&#8221;img_link_large&#8221; css=&#8221;&#8221; lightbox=&#8221;yes&#8221; zoom_icon=&#8221;yes&#8221; hover_effect=&#8221;yes&#8221; el_class=&#8221;custom-img-100&#8243; css_params=&#8221;&#8221;][vc_single_image image=&#8221;547&#8243; img_size=&#8221;full&#8221; onclick=&#8221;img_link_large&#8221; css=&#8221;&#8221; lightbox=&#8221;yes&#8221; zoom_icon=&#8221;yes&#8221; hover_effect=&#8221;yes&#8221; el_class=&#8221;custom-img-100&#8243; css_params=&#8221;&#8221;]<\/div>[\/vc_column][\/vc_row][vc_row wrap_container=&#8221;yes&#8221; el_class=&#8221;pt-4 pb-3 my-5&#8243;][vc_column][vc_custom_heading text=&#8221;Faydal\u0131 Bilgiler&#8221; font_container=&#8221;tag:h4|font_size:16.8px|text_align:center|line_height:16.8px&#8221; use_theme_fonts=&#8221;yes&#8221; skin=&#8221;primary&#8221; letter_spacing=&#8221;2.5px&#8221; animation_delay=&#8221;300&#8243; animation_type=&#8221;fadeInUp&#8221; el_class=&#8221;mb-2 text-uppercase&#8221; css_params=&#8221;&#8221;][vc_custom_heading text=&#8221;Blog Yaz\u0131lar\u0131m\u0131z&#8221; font_container=&#8221;tag:h4|font_size:35px|text_align:left|line_height:45.5px&#8221; use_theme_fonts=&#8221;yes&#8221; animation_delay=&#8221;400&#8243; el_class=&#8221;text-center mb-4&#8243; animation_type=&#8221;fadeInUp&#8221; css_params=&#8221;&#8221;][porto_tb_posts spacing=&#8221;20&#8243; columns=&#8221;3&#8243; builder_id=&#8221;484&#8243; count=&#8221;3&#8243;][\/vc_column][\/vc_row]<\/p>\n<\/div>","protected":false},"excerpt":{"rendered":"<p>[vc_section parallax=&#8221;content-moving&#8221; parallax_image=&#8221;501&#8243; bottom_divider_type=&#8221;custom&#8221; bottom_divider_custom=&#8221;JTNDc3ZnJTIwdmVyc2lvbiUzRCUyMjEuMSUyMiUyMHhtbG5zJTNEJTIyaHR0cCUzQSUyRiUyRnd3dy53My5vcmclMkYyMDAwJTJGc3ZnJTIyJTIweG1sbnMlM0F4bGluayUzRCUyMmh0dHAlM0ElMkYlMkZ3d3cudzMub3JnJTJGMTk5OSUyRnhsaW5rJTIyJTIweCUzRCUyMjBweCUyMiUyMHklM0QlMjIwcHglMjIlMjB2aWV3Qm94JTNEJTIyMCUyMDAlMjAxOTIwJTIwMTE2JTIyJTIwcHJlc2VydmVBc3BlY3RSYXRpbyUzRCUyMm5vbmUlMjIlM0UlMEElMDklMDklMDklMDklMDklMDklMDklM0NwYXRoJTIwZmlsbCUzRCUyMiUyM0ZGRiUyMiUyMGQlM0QlMjJNNDUzJTJDOTJjMTEuNy00Ljg3JTJDMjguNDYtMTEuNDMlMkM0OS0xOGM0Mi4yOS0xMy41MiUyQzc2LjM2LTE5LjMzJTJDMTE1LTI1YzUxLjU4LTcuNTclMkMxMDAuMjgtMTQuNzIlMkMxNzEtMjAlMEElMDklMDklMDklMDklMDklMDklMDklMDljMjQuODctMS44NiUyQzgyLjg4LTUuNzYlMkMxNTgtNmM2OS45OS0wLjIzJTJDMTIyLjU0JTJDMi44MiUyQzE1OSUyQzVjNTEuMTglMkMzLjA2JTJDOTUuMTclMkM1LjY5JTJDMTU1JTJDMTRjNzEuNSUyQzkuOTQlMkMxMTUuNDIlMkMyMS4wMiUyQzEyNyUyQzI0JTBBJTA5JTA5JTA5JTA5JTA5JTA5JTA5JTA5YzMzLjclMkM4LjY4JTJDNjEuNjIlMkMxNy43OSUyQzgyJTJDMjVDMTEzMC4zMyUyQzkxLjMzJTJDNzkxLjY3JTJDOTEuNjclMkM0NTMlMkM5MnolMjIlM0UlM0MlMkZwYXRoJTNFJTBBJTA5JTA5JTA5JTA5JTA5JTA5JTA5JTNDcmVjdCUyMHklM0QlMjI5MCUyMiUyMGZpbGwlM0QlMjIlMjNGRkYlMjIlMjB3aWR0aCUzRCUyMjE5MjAlMjIlMjBoZWlnaHQlM0QlMjIyNiUyMiUzRSUzQyUyRnJlY3QlM0UlMEElMDklMDklMDklMDklMDklMDklM0MlMkZzdmclM0U=&#8221; bottom_divider_height=&#8221;116px&#8221; el_class=&#8221;overlay overlay-show mb-0&#8243; css=&#8221;.vc_custom_1730411585714{padding-top: 9.2307692308rem !important;padding-bottom: 9.2307692308rem !important;}&#8221; conditional_render=&#8221;%5B%7B%22value_role%22%3A%22administrator%22%7D%5D&#8221; css_params=&#8221;&#8221;][vc_row wrap_container=&#8221;yes&#8221; content_placement=&#8221;middle&#8221; el_class=&#8221;py-5 mb-5 text-center z-index-9&#8243;][vc_column][vc_custom_heading text=&#8221;HO\u015eGELD\u0130N\u0130Z&#8221; font_container=&#8221;tag:h4|text_align:left&#8221; use_theme_fonts=&#8221;yes&#8221; font_weight=&#8221;500&#8243; skin=&#8221;primary&#8221; letter_spacing=&#8221;2px&#8221; show_border=&#8221;yes&#8221; border_skin=&#8221;primary&#8221; border_type=&#8221;middle-border-center&#8221; animation_delay=&#8221;300&#8243; el_class=&#8221;text-center d-inline-block mw-307 mb-0&#8243; animation_type=&#8221;fadeInUp&#8221; css_params=&#8221;&#8221;][vc_custom_heading text=&#8221;Polat Mant\u0131&#8221; font_container=&#8221;tag:h2|text_align:left|color:%23ffffff|line_height:1&#8243; use_theme_fonts=&#8221;yes&#8221; animation_delay=&#8221;700&#8243; el_class=&#8221;text-center mb-2 custom-sz-responsive-1&#8243; animation_type=&#8221;fadeInUp&#8221; css_params=&#8221;&#8221;][vc_custom_heading text=&#8221;Lezzetin Ustas\u0131&#8221; font_container=&#8221;tag:p|font_size:16.8px|text_align:left|color:rgba(255%2C255%2C255%2C0.8)&#8221; use_theme_fonts=&#8221;yes&#8221; enable_typewriter=&#8221;yes&#8221; typewriter_delay=&#8221;1100&#8243; el_class=&#8221;text-center [&hellip;]<\/p>\n","protected":false},"author":1,"featured_media":0,"parent":0,"menu_order":0,"comment_status":"closed","ping_status":"closed","template":"","meta":{"_acf_changed":false,"footnotes":""},"class_list":["post-143","page","type-page","status-publish","hentry"],"acf":[],"_links":{"self":[{"href":"https:\/\/polatmanti.com\/index.php\/wp-json\/wp\/v2\/pages\/143","targetHints":{"allow":["GET"]}}],"collection":[{"href":"https:\/\/polatmanti.com\/index.php\/wp-json\/wp\/v2\/pages"}],"about":[{"href":"https:\/\/polatmanti.com\/index.php\/wp-json\/wp\/v2\/types\/page"}],"author":[{"embeddable":true,"href":"https:\/\/polatmanti.com\/index.php\/wp-json\/wp\/v2\/users\/1"}],"replies":[{"embeddable":true,"href":"https:\/\/polatmanti.com\/index.php\/wp-json\/wp\/v2\/comments?post=143"}],"version-history":[{"count":26,"href":"https:\/\/polatmanti.com\/index.php\/wp-json\/wp\/v2\/pages\/143\/revisions"}],"predecessor-version":[{"id":604,"href":"https:\/\/polatmanti.com\/index.php\/wp-json\/wp\/v2\/pages\/143\/revisions\/604"}],"wp:attachment":[{"href":"https:\/\/polatmanti.com\/index.php\/wp-json\/wp\/v2\/media?parent=143"}],"curies":[{"name":"wp","href":"https:\/\/api.w.org\/{rel}","templated":true}]}}