{"id":10,"date":"2016-08-17T07:33:37","date_gmt":"2016-08-17T07:33:37","guid":{"rendered":"http:\/\/sw-themes.com\/porto_dummy\/?page_id=10"},"modified":"2024-11-01T11:23:07","modified_gmt":"2024-11-01T11:23:07","slug":"iletisim","status":"publish","type":"page","link":"https:\/\/polatmanti.com\/index.php\/iletisim\/","title":{"rendered":"\u0130leti\u015fim"},"content":{"rendered":"<div class=\"wpb-content-wrapper\"><p>[vc_section parallax=&#8221;content-moving&#8221; parallax_image=&#8221;501&#8243; parallax_speed_bg=&#8221;2&#8243; bottom_divider_type=&#8221;custom&#8221; bottom_divider_custom=&#8221;JTNDc3ZnJTIwdmVyc2lvbiUzRCUyMjEuMSUyMiUyMHhtbG5zJTNEJTIyaHR0cCUzQSUyRiUyRnd3dy53My5vcmclMkYyMDAwJTJGc3ZnJTIyJTIweG1sbnMlM0F4bGluayUzRCUyMmh0dHAlM0ElMkYlMkZ3d3cudzMub3JnJTJGMTk5OSUyRnhsaW5rJTIyJTIweCUzRCUyMjBweCUyMiUyMHklM0QlMjIwcHglMjIlMjB2aWV3Qm94JTNEJTIyMCUyMDAlMjAxOTIwJTIwMTE2JTIyJTIwcHJlc2VydmVBc3BlY3RSYXRpbyUzRCUyMm5vbmUlMjIlM0UlMEElMDklMDklMDklMDklMDklMDklMDklM0NwYXRoJTIwZmlsbCUzRCUyMiUyM0ZGRiUyMiUyMGQlM0QlMjJNNDUzJTJDOTJjMTEuNy00Ljg3JTJDMjguNDYtMTEuNDMlMkM0OS0xOGM0Mi4yOS0xMy41MiUyQzc2LjM2LTE5LjMzJTJDMTE1LTI1YzUxLjU4LTcuNTclMkMxMDAuMjgtMTQuNzIlMkMxNzEtMjAlMEElMDklMDklMDklMDklMDklMDklMDklMDljMjQuODctMS44NiUyQzgyLjg4LTUuNzYlMkMxNTgtNmM2OS45OS0wLjIzJTJDMTIyLjU0JTJDMi44MiUyQzE1OSUyQzVjNTEuMTglMkMzLjA2JTJDOTUuMTclMkM1LjY5JTJDMTU1JTJDMTRjNzEuNSUyQzkuOTQlMkMxMTUuNDIlMkMyMS4wMiUyQzEyNyUyQzI0JTBBJTA5JTA5JTA5JTA5JTA5JTA5JTA5JTA5YzMzLjclMkM4LjY4JTJDNjEuNjIlMkMxNy43OSUyQzgyJTJDMjVDMTEzMC4zMyUyQzkxLjMzJTJDNzkxLjY3JTJDOTEuNjclMkM0NTMlMkM5MnolMjIlM0UlM0MlMkZwYXRoJTNFJTBBJTA5JTA5JTA5JTA5JTA5JTA5JTA5JTNDcmVjdCUyMHklM0QlMjI5MCUyMiUyMGZpbGwlM0QlMjIlMjNGRkYlMjIlMjB3aWR0aCUzRCUyMjE5MjAlMjIlMjBoZWlnaHQlM0QlMjIyNiUyMiUzRSUzQyUyRnJlY3QlM0UlMEElMDklMDklMDklMDklMDklMDklM0MlMkZzdmclM0U=&#8221; bottom_divider_height=&#8221;116px&#8221; el_class=&#8221;overlay overlay-show mb-0&#8243; css=&#8221;.vc_custom_1730458739247{padding-top: 4.2153846154rem !important;padding-bottom: 4.7153846154rem !important;}&#8221; conditional_render=&#8221;%5B%7B%22value_role%22%3A%22administrator%22%7D%5D&#8221; css_params=&#8221;&#8221;][vc_row wrap_container=&#8221;yes&#8221; content_placement=&#8221;middle&#8221; el_class=&#8221;pt-3 pb-5 mb-5 z-index-9 custom-breadcrumb&#8221;][vc_column]<div class=\"page-top page-header-7   wpb_custom_5c03ffead71462c7035626904d2429e7\"><style>.page-top { background: none; border-bottom: none; } .page-top .page-title:not(.b-none):after { display: none; }.page-top .breadcrumbs-wrap { color: #c19655}.page-top .breadcrumbs-wrap a { color: #c19655 }.page-top .page-title {color: #ffffff;font-size: 49px;}<\/style><div class=\"container\">\r\n\t<div class=\"row\">\r\n\t\t<div class=\"col-lg-12\">\r\n\t\t\t\t\t\t\t<div class=\"breadcrumbs-wrap text-center\">\r\n\t\t\t\t\t<ul class=\"breadcrumb\" itemscope itemtype=\"https:\/\/schema.org\/BreadcrumbList\"><li itemprop=\"itemListElement\" itemscope itemtype=\"https:\/\/schema.org\/ListItem\"><a itemprop=\"item\" href=\"https:\/\/polatmanti.com\"><span itemprop=\"name\">Ev<\/span><\/a><meta itemprop=\"position\" content=\"1\" \/><i class=\"delimiter delimiter-2\"><\/i><\/li><\/ul>\t\t\t\t<\/div>\r\n\t\t\t\t\t\t<div class=\"text-center\">\r\n\t\t\t\t\t\t\t\t<h1 class=\"page-title\"><\/h1>\r\n\t\t\t\t\t\t\t<\/div>\r\n\t\t\t\t\t<\/div>\r\n\t<\/div>\r\n<\/div>\r\n<\/div>[vc_btn title=&#8221;&#8221; i_icon_fontawesome=&#8221;fas fa-angle-down&#8221; btn_fs=&#8221;23.1px&#8221; el_cls=&#8221;border-0&#8243; add_icon=&#8221;true&#8221; custom_onclick=&#8221;true&#8221; link=&#8221;url:%23contact&#8221; custom_onclick_code=&#8221;window.theme.scrolltoContainer(jQuery(&#8220;#contact&#8220;));return false;&#8221; el_class=&#8221;custom-hash-pos position-absolute mb-0&#8243;][\/vc_column][\/vc_row][\/vc_section][vc_row wrap_container=&#8221;yes&#8221; gap=&#8221;20&#8243; content_placement=&#8221;middle&#8221; el_class=&#8221;py-5 my-5&#8243;][vc_column offset=&#8221;vc_col-md-4&#8243; el_class=&#8221;py-0 mb-4 mb-lg-0&#8243;][vc_custom_heading text=&#8221;\u00d6neri ve \u015fikayetleriniz i\u00e7in isterseniz ileti\u015fim formundan ya da ileti\u015fim numaralar\u0131 ve e-posta adreslerinden bizlere ula\u015fabilirsiniz.&#8221; font_container=&#8221;tag:p|text_align:left&#8221; use_theme_fonts=&#8221;yes&#8221; el_class=&#8221;m-b-sm p-b-xs&#8221; css_params=&#8221;&#8221;][vc_custom_heading text=&#8221;Ak\u015femsettin, E\u015frefbey Cd. No:7, 34925 Sultanbeyli\/\u0130stanbul&#8221; font_container=&#8221;tag:h3|font_size:23.1px|text_align:left|line_height:1.3&#8243; use_theme_fonts=&#8221;yes&#8221; font_weight=&#8221;700&#8243; letter_spacing=&#8221;-.05em&#8221; el_class=&#8221;mb-1&#8243; css_params=&#8221;&#8221;]<a class=\"porto-sicon-box-link\" href=\"tel:+902164872639\"><div class=\"porto-sicon-box custom-phone  wpb_custom_a06e3251f8589c00a48eb1db1ac14ab6 style_1 default-icon\"><div class=\"porto-sicon-default\"><div class=\"porto-just-icon-wrapper porto-icon none\" style=\"color:#212529;font-size:27px;margin-right:8px;\"><i class=\"Simple-Line-Icons-phone\"><\/i><\/div><\/div><div class=\"porto-sicon-header\"><h3 class=\"porto-sicon-title\" style=\"\">\u0130malat<\/h3><p style=\"color:#212529;\">0 (216) 487 26 39<\/p><\/div> <!-- header --><\/div><!-- porto-sicon-box --><\/a><a class=\"porto-sicon-box-link\" href=\"tel:+905434705757\"><div class=\"porto-sicon-box custom-phone  wpb_custom_a06e3251f8589c00a48eb1db1ac14ab6 style_1 default-icon\"><div class=\"porto-sicon-default\"><div class=\"porto-just-icon-wrapper porto-icon none\" style=\"color:#212529;font-size:27px;margin-right:8px;\"><i class=\"Simple-Line-Icons-phone\"><\/i><\/div><\/div><div class=\"porto-sicon-header\"><h3 class=\"porto-sicon-title\" style=\"\">Sipari\u015f<\/h3><p style=\"color:#212529;\">0543 470 57 57<\/p><\/div> <!-- header --><\/div><!-- porto-sicon-box --><\/a><a class=\"porto-sicon-box-link\" href=\"mailto:info@polatmanti.com.tr\"><div class=\"porto-sicon-box custom-phone my-4  wpb_custom_a06e3251f8589c00a48eb1db1ac14ab6 style_1 default-icon\"><div class=\"porto-sicon-default\"><div class=\"porto-just-icon-wrapper porto-icon none\" style=\"color:#212529;font-size:27px;margin-right:8px;\"><i class=\"Simple-Line-Icons-envelope\"><\/i><\/div><\/div><div class=\"porto-sicon-header\"><h3 class=\"porto-sicon-title\" style=\"\">Mail<\/h3><p style=\"color:#212529;\">info@polatmanti.com.tr<\/p><\/div> <!-- header --><\/div><!-- porto-sicon-box --><\/a>[\/vc_column][vc_column width=&#8221;7\/12&#8243; offset=&#8221;vc_col-md-4 vc_col-xs-7&#8243; el_class=&#8221;ms-auto py-0&#8243;][vc_single_image image=&#8221;453&#8243; img_size=&#8221;full&#8221; el_class=&#8221;box-shadow-4 mb-0 custom-img-100&#8243;][\/vc_column][vc_column width=&#8221;5\/12&#8243; offset=&#8221;vc_col-md-3 vc_col-xs-5&#8243; el_class=&#8221;py-0 align-self-start&#8221;][vc_single_image image=&#8221;454&#8243; img_size=&#8221;full&#8221; el_class=&#8221;box-shadow-4 rounded-0 mb-3 mb-sm-4 custom-img-100&#8243;][vc_single_image image=&#8221;211&#8243; img_size=&#8221;full&#8221; el_class=&#8221;box-shadow-4 mb-0 custom-img-100&#8243;][\/vc_column][\/vc_row][vc_row wrap_container=&#8221;yes&#8221; no_padding=&#8221;yes&#8221; conditional_render=&#8221;%5B%7B%22value_role%22%3A%22administrator%22%7D%5D&#8221; css_params=&#8221;&#8221;][vc_column][vc_gmaps link=&#8221;#E-8_JTNDaWZyYW1lJTIwc3JjJTNEJTIyaHR0cHMlM0ElMkYlMkZ3d3cuZ29vZ2xlLmNvbSUyRm1hcHMlMkZlbWJlZCUzRnBiJTNEJTIxMW0xOCUyMTFtMTIlMjExbTMlMjExZDYyMy42NzkyMDc5OTk4Mjk5JTIxMmQyOS4yOTUzMzQ0ODE4NjU1NCUyMTNkNDAuOTUxNTU0MDg5ODg4NTk2JTIxMm0zJTIxMWYwJTIxMmYwJTIxM2YwJTIxM20yJTIxMWkxMDI0JTIxMmk3NjglMjE0ZjEzLjElMjEzbTMlMjExbTIlMjExczB4MTRjYWQwOWEyMGIxNjBlYiUyNTNBMHhmMmYwZjhkYmJiYzE2NWI2JTIxMnNQb2xhdCUyNTIwTWFudCUyNUM0JTI1QjElMjE1ZTAlMjEzbTIlMjExc3RyJTIxMnN0ciUyMTR2MTczMDQ1OTYxMjI2NiUyMTVtMiUyMTFzdHIlMjEyc3RyJTIyJTIwd2lkdGglM0QlMjIxMDAlMjUlMjIlMjBoZWlnaHQlM0QlMjIzNTAlMjIlMjBzdHlsZSUzRCUyMmJvcmRlciUzQTAlM0IlMjIlMjBhbGxvd2Z1bGxzY3JlZW4lM0QlMjIlMjIlMjBsb2FkaW5nJTNEJTIybGF6eSUyMiUyMHJlZmVycmVycG9saWN5JTNEJTIybm8tcmVmZXJyZXItd2hlbi1kb3duZ3JhZGUlMjIlM0UlM0MlMkZpZnJhbWUlM0U=&#8221; css=&#8221;&#8221; css_params=&#8221;&#8221;][\/vc_column][\/vc_row]<\/p>\n<\/div>","protected":false},"excerpt":{"rendered":"<p>[vc_section parallax=&#8221;content-moving&#8221; parallax_image=&#8221;501&#8243; parallax_speed_bg=&#8221;2&#8243; bottom_divider_type=&#8221;custom&#8221; bottom_divider_custom=&#8221;JTNDc3ZnJTIwdmVyc2lvbiUzRCUyMjEuMSUyMiUyMHhtbG5zJTNEJTIyaHR0cCUzQSUyRiUyRnd3dy53My5vcmclMkYyMDAwJTJGc3ZnJTIyJTIweG1sbnMlM0F4bGluayUzRCUyMmh0dHAlM0ElMkYlMkZ3d3cudzMub3JnJTJGMTk5OSUyRnhsaW5rJTIyJTIweCUzRCUyMjBweCUyMiUyMHklM0QlMjIwcHglMjIlMjB2aWV3Qm94JTNEJTIyMCUyMDAlMjAxOTIwJTIwMTE2JTIyJTIwcHJlc2VydmVBc3BlY3RSYXRpbyUzRCUyMm5vbmUlMjIlM0UlMEElMDklMDklMDklMDklMDklMDklMDklM0NwYXRoJTIwZmlsbCUzRCUyMiUyM0ZGRiUyMiUyMGQlM0QlMjJNNDUzJTJDOTJjMTEuNy00Ljg3JTJDMjguNDYtMTEuNDMlMkM0OS0xOGM0Mi4yOS0xMy41MiUyQzc2LjM2LTE5LjMzJTJDMTE1LTI1YzUxLjU4LTcuNTclMkMxMDAuMjgtMTQuNzIlMkMxNzEtMjAlMEElMDklMDklMDklMDklMDklMDklMDklMDljMjQuODctMS44NiUyQzgyLjg4LTUuNzYlMkMxNTgtNmM2OS45OS0wLjIzJTJDMTIyLjU0JTJDMi44MiUyQzE1OSUyQzVjNTEuMTglMkMzLjA2JTJDOTUuMTclMkM1LjY5JTJDMTU1JTJDMTRjNzEuNSUyQzkuOTQlMkMxMTUuNDIlMkMyMS4wMiUyQzEyNyUyQzI0JTBBJTA5JTA5JTA5JTA5JTA5JTA5JTA5JTA5YzMzLjclMkM4LjY4JTJDNjEuNjIlMkMxNy43OSUyQzgyJTJDMjVDMTEzMC4zMyUyQzkxLjMzJTJDNzkxLjY3JTJDOTEuNjclMkM0NTMlMkM5MnolMjIlM0UlM0MlMkZwYXRoJTNFJTBBJTA5JTA5JTA5JTA5JTA5JTA5JTA5JTNDcmVjdCUyMHklM0QlMjI5MCUyMiUyMGZpbGwlM0QlMjIlMjNGRkYlMjIlMjB3aWR0aCUzRCUyMjE5MjAlMjIlMjBoZWlnaHQlM0QlMjIyNiUyMiUzRSUzQyUyRnJlY3QlM0UlMEElMDklMDklMDklMDklMDklMDklM0MlMkZzdmclM0U=&#8221; bottom_divider_height=&#8221;116px&#8221; el_class=&#8221;overlay overlay-show mb-0&#8243; css=&#8221;.vc_custom_1730458739247{padding-top: 4.2153846154rem !important;padding-bottom: 4.7153846154rem !important;}&#8221; conditional_render=&#8221;%5B%7B%22value_role%22%3A%22administrator%22%7D%5D&#8221; css_params=&#8221;&#8221;][vc_row wrap_container=&#8221;yes&#8221; content_placement=&#8221;middle&#8221; el_class=&#8221;pt-3 pb-5 mb-5 z-index-9 custom-breadcrumb&#8221;][vc_column][vc_btn title=&#8221;&#8221; i_icon_fontawesome=&#8221;fas fa-angle-down&#8221; btn_fs=&#8221;23.1px&#8221; el_cls=&#8221;border-0&#8243; add_icon=&#8221;true&#8221; custom_onclick=&#8221;true&#8221; link=&#8221;url:%23contact&#8221; custom_onclick_code=&#8221;window.theme.scrolltoContainer(jQuery(&#8220;#contact&#8220;));return false;&#8221; el_class=&#8221;custom-hash-pos position-absolute mb-0&#8243;][\/vc_column][\/vc_row][\/vc_section][vc_row wrap_container=&#8221;yes&#8221; gap=&#8221;20&#8243; content_placement=&#8221;middle&#8221; el_class=&#8221;py-5 my-5&#8243;][vc_column offset=&#8221;vc_col-md-4&#8243; el_class=&#8221;py-0 mb-4 mb-lg-0&#8243;][vc_custom_heading text=&#8221;\u00d6neri ve \u015fikayetleriniz i\u00e7in isterseniz ileti\u015fim formundan ya da [&hellip;]<\/p>\n","protected":false},"author":1,"featured_media":0,"parent":0,"menu_order":0,"comment_status":"closed","ping_status":"closed","template":"","meta":{"_acf_changed":false,"footnotes":""},"class_list":["post-10","page","type-page","status-publish","hentry"],"acf":[],"_links":{"self":[{"href":"https:\/\/polatmanti.com\/index.php\/wp-json\/wp\/v2\/pages\/10","targetHints":{"allow":["GET"]}}],"collection":[{"href":"https:\/\/polatmanti.com\/index.php\/wp-json\/wp\/v2\/pages"}],"about":[{"href":"https:\/\/polatmanti.com\/index.php\/wp-json\/wp\/v2\/types\/page"}],"author":[{"embeddable":true,"href":"https:\/\/polatmanti.com\/index.php\/wp-json\/wp\/v2\/users\/1"}],"replies":[{"embeddable":true,"href":"https:\/\/polatmanti.com\/index.php\/wp-json\/wp\/v2\/comments?post=10"}],"version-history":[{"count":11,"href":"https:\/\/polatmanti.com\/index.php\/wp-json\/wp\/v2\/pages\/10\/revisions"}],"predecessor-version":[{"id":538,"href":"https:\/\/polatmanti.com\/index.php\/wp-json\/wp\/v2\/pages\/10\/revisions\/538"}],"wp:attachment":[{"href":"https:\/\/polatmanti.com\/index.php\/wp-json\/wp\/v2\/media?parent=10"}],"curies":[{"name":"wp","href":"https:\/\/api.w.org\/{rel}","templated":true}]}}